{"id":16337,"date":"2025-10-19T11:34:06","date_gmt":"2025-10-19T10:34:06","guid":{"rendered":"https:\/\/ar.bioauthentique.com\/?post_type=product&#038;p=16337"},"modified":"2025-10-19T11:34:07","modified_gmt":"2025-10-19T10:34:07","slug":"hydrolat-de-lavande","status":"publish","type":"product","link":"https:\/\/ar.bioauthentique.com\/ar\/product\/hydrolat-de-lavande\/","title":{"rendered":"hydrolat de lavande"},"content":{"rendered":"<h3 data-start=\"607\" data-end=\"627\"><strong data-start=\"614\" data-end=\"627\">:Bienfaits<\/strong><\/h3>\n<p data-start=\"628\" data-end=\"995\">\u2714\ufe0f <strong data-start=\"631\" data-end=\"663\">Purifie et \u00e9quilibre la peau<\/strong> en r\u00e9gulant l\u2019exc\u00e8s de s\u00e9bum<br data-start=\"692\" data-end=\"695\" \/>\u2714\ufe0f <strong data-start=\"698\" data-end=\"756\">Apaise les irritations, rougeurs et allergies cutan\u00e9es<\/strong><br data-start=\"756\" data-end=\"759\" \/>\u2714\ufe0f <strong data-start=\"762\" data-end=\"784\">Resserre les pores<\/strong> et laisse la peau douce et nette<br data-start=\"817\" data-end=\"820\" \/>\u2714\ufe0f <strong data-start=\"823\" data-end=\"863\">Aide \u00e0 cicatriser les petits boutons<\/strong> et marques d\u2019acn\u00e9<br data-start=\"881\" data-end=\"884\" \/>\u2714\ufe0f <strong data-start=\"887\" data-end=\"921\">Rafra\u00eechit et tonifie le teint<\/strong> naturellement<br data-start=\"935\" data-end=\"938\" \/>\u2714\ufe0f <strong data-start=\"941\" data-end=\"960\">Apaise l\u2019esprit<\/strong> gr\u00e2ce \u00e0 son parfum floral relaxant<\/p>\n<hr data-start=\"997\" data-end=\"1000\" \/>\n<h3 data-start=\"1002\" data-end=\"1031\"><strong data-start=\"1009\" data-end=\"1031\">:Mode d\u2019utilisation<\/strong><\/h3>\n<p data-start=\"1032\" data-end=\"1069\"><strong data-start=\"1032\" data-end=\"1048\">Matin &amp; soir<\/strong>, sur peau propre :<\/p>\n<ul data-start=\"1070\" data-end=\"1421\">\n<li data-start=\"1070\" data-end=\"1168\">\n<p data-start=\"1072\" data-end=\"1168\">Vaporiser directement sur le visage ou appliquer \u00e0 l\u2019aide d\u2019un coton comme <strong data-start=\"1147\" data-end=\"1166\">tonique naturel<\/strong><\/p>\n<\/li>\n<li data-start=\"1169\" data-end=\"1243\">\n<p data-start=\"1171\" data-end=\"1243\">Apr\u00e8s le nettoyage, pour <strong data-start=\"1196\" data-end=\"1241\">resserrer les pores et \u00e9quilibrer la peau<\/strong><\/p>\n<\/li>\n<li data-start=\"1244\" data-end=\"1307\">\n<p data-start=\"1246\" data-end=\"1307\">En compresse apaisante sur les zones irrit\u00e9es ou \u00e9chauff\u00e9es<\/p>\n<\/li>\n<li data-start=\"1308\" data-end=\"1421\">\n<p data-start=\"1310\" data-end=\"1421\">Peut \u00e9galement \u00eatre utilis\u00e9 comme <strong data-start=\"1344\" data-end=\"1369\">brume rafra\u00eechissante<\/strong> durant la journ\u00e9e ou apr\u00e8s l\u2019exposition au soleil<\/p>\n<\/li>\n<\/ul>\n<p data-start=\"1423\" data-end=\"1626\">\ud83d\udca1 <strong data-start=\"1426\" data-end=\"1454\">Astuce Bio Authentique :<\/strong><br data-start=\"1454\" data-end=\"1457\" \/>Pour une routine compl\u00e8te, utilisez-le apr\u00e8s le <strong data-start=\"1505\" data-end=\"1537\">Savon \u00e0 la Figue de Barbarie<\/strong> et avant l\u2019application de <strong data-start=\"1564\" data-end=\"1590\">l\u2019Huile d\u2019Amande Douce<\/strong> pour une hydratation en profondeur.<\/p>\n<hr data-start=\"1628\" data-end=\"1631\" \/>\n<h3 data-start=\"1633\" data-end=\"1656\">\ud83c\udf3c <strong data-start=\"1640\" data-end=\"1656\">Convient \u00e0 :<\/strong><\/h3>\n<p data-start=\"1657\" data-end=\"1750\">Tous types de peaux \u2014 particuli\u00e8rement <strong data-start=\"1696\" data-end=\"1750\">les peaux grasses, mixtes, sensibles et acn\u00e9iques.<\/strong><\/p>\n<hr data-start=\"1752\" data-end=\"1755\" \/>\n<h3 data-start=\"1757\" data-end=\"1781\">\ud83d\udce6 <strong data-start=\"1764\" data-end=\"1781\">Composition :<\/strong><\/h3>\n<ul data-start=\"1782\" data-end=\"1932\">\n<li data-start=\"1782\" data-end=\"1840\">\n<p data-start=\"1784\" data-end=\"1840\">100 % <strong data-start=\"1790\" data-end=\"1838\">Hydrolat de Lavande (Lavandula angustifolia)<\/strong><\/p>\n<\/li>\n<li data-start=\"1841\" data-end=\"1899\">\n<p data-start=\"1843\" data-end=\"1899\">Sans alcool, sans parfum artificiel, sans conservateur<\/p>\n<\/li>\n<li data-start=\"1900\" data-end=\"1932\">\n<p data-start=\"1902\" data-end=\"1932\">Distillation \u00e0 la vapeur d\u2019eau<\/p>\n<\/li>\n<\/ul>","protected":false},"excerpt":{"rendered":"<p data-start=\"255\" data-end=\"600\">L\u2019<strong data-start=\"257\" data-end=\"296\">Hydrolat de Lavande Bio Authentique<\/strong> est un soin 100 % naturel, distill\u00e9 \u00e0 partir de fleurs fra\u00eeches de lavande.<br data-start=\"372\" data-end=\"375\" \/>Reconnu pour ses vertus purifiantes et apaisantes, il est <strong data-start=\"433\" data-end=\"503\">id\u00e9al pour les peaux grasses, mixtes ou sujettes aux imperfections<\/strong>.<br data-start=\"504\" data-end=\"507\" \/>Son parfum doux et relaxant procure une <strong data-start=\"547\" data-end=\"599\">sensation imm\u00e9diate de fra\u00eecheur et de bien-\u00eatre<\/strong>.<\/p>","protected":false},"featured_media":16338,"template":"","meta":[],"product_brand":[],"product_cat":[119],"product_tag":[],"class_list":{"0":"post-16337","1":"product","2":"type-product","3":"status-publish","4":"has-post-thumbnail","6":"product_cat-huiles-essentielles","8":"first","9":"instock","10":"shipping-taxable","11":"purchasable","12":"product-type-simple"},"jetpack_sharing_enabled":true,"_links":{"self":[{"href":"https:\/\/ar.bioauthentique.com\/ar\/wp-json\/wp\/v2\/product\/16337","targetHints":{"allow":["GET"]}}],"collection":[{"href":"https:\/\/ar.bioauthentique.com\/ar\/wp-json\/wp\/v2\/product"}],"about":[{"href":"https:\/\/ar.bioauthentique.com\/ar\/wp-json\/wp\/v2\/types\/product"}],"version-history":[{"count":1,"href":"https:\/\/ar.bioauthentique.com\/ar\/wp-json\/wp\/v2\/product\/16337\/revisions"}],"predecessor-version":[{"id":16339,"href":"https:\/\/ar.bioauthentique.com\/ar\/wp-json\/wp\/v2\/product\/16337\/revisions\/16339"}],"wp:featuredmedia":[{"embeddable":true,"href":"https:\/\/ar.bioauthentique.com\/ar\/wp-json\/wp\/v2\/media\/16338"}],"wp:attachment":[{"href":"https:\/\/ar.bioauthentique.com\/ar\/wp-json\/wp\/v2\/media?parent=16337"}],"wp:term":[{"taxonomy":"product_brand","embeddable":true,"href":"https:\/\/ar.bioauthentique.com\/ar\/wp-json\/wp\/v2\/product_brand?post=16337"},{"taxonomy":"product_cat","embeddable":true,"href":"https:\/\/ar.bioauthentique.com\/ar\/wp-json\/wp\/v2\/product_cat?post=16337"},{"taxonomy":"product_tag","embeddable":true,"href":"https:\/\/ar.bioauthentique.com\/ar\/wp-json\/wp\/v2\/product_tag?post=16337"}],"curies":[{"name":"wp","href":"https:\/\/api.w.org\/{rel}","templated":true}]}}